{"id":290,"date":"2026-03-19T23:37:29","date_gmt":"2026-03-19T23:37:29","guid":{"rendered":"https:\/\/lensica.mx\/?page_id=290"},"modified":"2026-03-30T23:55:10","modified_gmt":"2026-03-30T23:55:10","slug":"lentes","status":"publish","type":"page","link":"https:\/\/lensica.mx\/index.php\/lentes\/","title":{"rendered":"Optometr\u00eda"},"content":{"rendered":"<p>[et_pb_section fb_built=\u00bb1&#8243; admin_label=\u00bbInicio\u00bb _builder_version=\u00bb4.27.6&#8243; background_enable_color=\u00bboff\u00bb background_image=\u00bbhttps:\/\/lensica.mx\/wp-content\/uploads\/2025\/11\/LENTES-GRADUADOS-QUERETARO_INICIO-1.png\u00bb background_enable_video_mp4=\u00bboff\u00bb background_video_width=\u00bb1920&#8243; background_video_height=\u00bb1080&#8243; allow_player_pause=\u00bbon\u00bb custom_padding=\u00bb170px||60px||false|false\u00bb bottom_divider_style=\u00bbcurve\u00bb bottom_divider_color=\u00bbgcid-43ac87c6-6387-4906-bf85-3759c994e77a\u00bb bottom_divider_height=\u00bb130px\u00bb hover_enabled=\u00bb0&#8243; global_colors_info=\u00bb{%22gcid-43ac87c6-6387-4906-bf85-3759c994e77a%22:%91%22bottom_divider_color%22%93}\u00bb background_last_edited=\u00bbon|phone\u00bb title_text=\u00bbLENTES GRADUADOS QUERETARO_vertical\u00bb background_image_phone=\u00bbhttps:\/\/lensica.mx\/wp-content\/uploads\/2026\/03\/LENTES-GRADUADOS-QUERETARO_vertical.png\u00bb background_enable_image_phone=\u00bbon\u00bb sticky_enabled=\u00bb0&#8243; bottom_divider_height_last_edited=\u00bbon|phone\u00bb bottom_divider_height_phone=\u00bb50px\u00bb bottom_divider_height_tablet=\u00bb130px\u00bb][et_pb_row column_structure=\u00bb1_2,1_2&#8243; _builder_version=\u00bb4.27.4&#8243; custom_padding=\u00bb||75px|||\u00bb global_colors_info=\u00bb{}\u00bb][et_pb_column type=\u00bb1_2&#8243; _builder_version=\u00bb4.16&#8243; custom_padding=\u00bb|||\u00bb global_colors_info=\u00bb{}\u00bb custom_padding__hover=\u00bb|||\u00bb][et_pb_text _builder_version=\u00bb4.27.6&#8243; header_font=\u00bbPoppins|600|||||||\u00bb header_text_color=\u00bb#FFFFFF\u00bb header_font_size=\u00bb50px\u00bb header_line_height=\u00bb1.1em\u00bb custom_margin=\u00bb0px||0px||false|false\u00bb hover_enabled=\u00bb0&#8243; global_colors_info=\u00bb{}\u00bb header_font_size_last_edited=\u00bbon|phone\u00bb header_font_size_phone=\u00bb36px\u00bb custom_margin_last_edited=\u00bbon|phone\u00bb custom_padding_last_edited=\u00bbon|phone\u00bb custom_margin_phone=\u00bb-50px||25px||false|false\u00bb sticky_enabled=\u00bb0&#8243; header_font_size_tablet=\u00bb50px\u00bb custom_margin_tablet=\u00bb0px||0px||false|false\u00bb]<\/p>\n<h1>Cuidamos tu visi\u00f3n en cada etapa de tu vida.<\/h1>\n<p>[\/et_pb_text][\/et_pb_column][et_pb_column type=\u00bb1_2&#8243; _builder_version=\u00bb4.16&#8243; custom_padding=\u00bb|||\u00bb global_colors_info=\u00bb{}\u00bb custom_padding__hover=\u00bb|||\u00bb][\/et_pb_column][\/et_pb_row][\/et_pb_section][et_pb_section fb_built=\u00bb1&#8243; admin_label=\u00bbDra Fab\u00bb module_id=\u00bbplan empresas\u00bb module_class=\u00bbplan empresas\u00bb _builder_version=\u00bb4.27.4&#8243; background_color=\u00bbgcid-43ac87c6-6387-4906-bf85-3759c994e77a\u00bb background_enable_image=\u00bboff\u00bb custom_padding=\u00bb80px||||false|false\u00bb global_colors_info=\u00bb{%22gcid-43ac87c6-6387-4906-bf85-3759c994e77a%22:%91%22background_color%22%93}\u00bb transform_styles__hover_enabled=\u00bbon|hover\u00bb transform_scale__hover_enabled=\u00bbon|desktop\u00bb transform_translate__hover_enabled=\u00bbon|hover\u00bb transform_rotate__hover_enabled=\u00bbon|desktop\u00bb transform_skew__hover_enabled=\u00bbon|desktop\u00bb transform_origin__hover_enabled=\u00bbon|desktop\u00bb background__hover_enabled=\u00bbon|desktop\u00bb background_image__hover=\u00bb\u00bb background_enable_image__hover=\u00bboff\u00bb][et_pb_row column_structure=\u00bb1_2,1_2&#8243; _builder_version=\u00bb4.27.4&#8243; global_colors_info=\u00bb{}\u00bb][et_pb_column type=\u00bb1_2&#8243; _builder_version=\u00bb4.16&#8243; custom_padding=\u00bb|||\u00bb global_colors_info=\u00bb{}\u00bb custom_padding__hover=\u00bb|||\u00bb][et_pb_text _builder_version=\u00bb4.27.6&#8243; header_font=\u00bbPoppins|600|||||||\u00bb header_text_align=\u00bbleft\u00bb header_text_color=\u00bb#5D78B9&#8243; header_font_size=\u00bb50px\u00bb text_orientation=\u00bbcenter\u00bb custom_margin=\u00bb-12px||1px||false|false\u00bb hover_enabled=\u00bb0&#8243; global_colors_info=\u00bb{}\u00bb header_font_size_last_edited=\u00bbon|phone\u00bb header_font_size_phone=\u00bb36px\u00bb sticky_enabled=\u00bb0&#8243; header_font_size_tablet=\u00bb50px\u00bb]<\/p>\n<h1>Precisi\u00f3n y comodidad para ver mejor todos los d\u00edas<\/h1>\n<p>[\/et_pb_text][et_pb_divider color=\u00bb#60C6C3&#8243; divider_weight=\u00bb8px\u00bb _builder_version=\u00bb4.27.4&#8243; _module_preset=\u00bbdefault\u00bb width=\u00bb16%\u00bb custom_margin=\u00bb10px||||false|false\u00bb global_colors_info=\u00bb{}\u00bb][\/et_pb_divider][et_pb_text _builder_version=\u00bb4.27.4&#8243; text_font=\u00bbPoppins||||||||\u00bb text_font_size=\u00bb16px\u00bb header_font=\u00bbPoppins||||||||\u00bb header_text_align=\u00bbleft\u00bb header_text_color=\u00bb#5D78B9&#8243; custom_margin=\u00bb-22px||1px||false|false\u00bb global_colors_info=\u00bb{}\u00bb]<\/p>\n<p>En Lensica, los servicios de optometr\u00eda est\u00e1n dise\u00f1ados para entender tu visi\u00f3n a detalle y ayudarte a encontrar la mejor soluci\u00f3n para tu d\u00eda a d\u00eda. Cada evaluaci\u00f3n se realiza con precisi\u00f3n y enfoque personalizado, para que veas con claridad y comodidad en todo momento.<\/p>\n<p data-start=\"681\" data-end=\"789\">\n<p data-start=\"548\" data-end=\"643\">\n<p data-start=\"548\" data-end=\"643\">\n<p>[\/et_pb_text][et_pb_accordion _builder_version=\u00bb4.27.6&#8243; _module_preset=\u00bbdefault\u00bb hover_enabled=\u00bb0&#8243; global_colors_info=\u00bb{}\u00bb theme_builder_area=\u00bbpost_content\u00bb sticky_enabled=\u00bb0&#8243; custom_margin=\u00bb-30px|||||\u00bb][et_pb_accordion_item title=\u00bbExamen de la vista\u00bb open=\u00bbon\u00bb icon_color=\u00bb#5D78B9&#8243; toggle_icon=\u00bb&#x4c;||divi||400&#8243; _builder_version=\u00bb4.27.6&#8243; _module_preset=\u00bbdefault\u00bb body_font=\u00bbPoppins||||||||\u00bb body_text_align=\u00bbleft\u00bb body_font_size=\u00bb16px\u00bb background_color=\u00bbRGBA(255,255,255,0)\u00bb background_enable_color=\u00bbon\u00bb custom_padding=\u00bb|||0px|false|false\u00bb hover_enabled=\u00bb0&#8243; border_width_all=\u00bb0px\u00bb border_color_all=\u00bbRGBA(255,255,255,0)\u00bb global_colors_info=\u00bb{}\u00bb toggle_font=\u00bbPoppins|700|||||||\u00bb toggle_text_align=\u00bbleft\u00bb toggle_font_size=\u00bb22px\u00bb custom_padding__hover_enabled=\u00bboff|desktop\u00bb theme_builder_area=\u00bbpost_content\u00bb sticky_enabled=\u00bb0&#8243;]<\/p>\n<p>Evaluaci\u00f3n completa para conocer tu graduaci\u00f3n actual y detectar cualquier cambio en tu visi\u00f3n.<\/p>\n<p>[\/et_pb_accordion_item][et_pb_accordion_item title=\u00bbAdaptaci\u00f3n de lentes\u00bb open=\u00bbon\u00bb icon_color=\u00bb#5D78B9&#8243; toggle_icon=\u00bb&#x4c;||divi||400&#8243; _builder_version=\u00bb4.27.6&#8243; _module_preset=\u00bbdefault\u00bb body_font=\u00bbPoppins||||||||\u00bb body_text_align=\u00bbleft\u00bb body_font_size=\u00bb16px\u00bb background_color=\u00bbRGBA(255,255,255,0)\u00bb background_enable_color=\u00bbon\u00bb custom_padding=\u00bb|||0px|false|false\u00bb hover_enabled=\u00bb0&#8243; border_width_all=\u00bb0px\u00bb border_color_all=\u00bbRGBA(255,255,255,0)\u00bb global_colors_info=\u00bb{}\u00bb toggle_font=\u00bbPoppins|700|||||||\u00bb toggle_text_align=\u00bbleft\u00bb toggle_font_size=\u00bb22px\u00bb custom_padding__hover_enabled=\u00bboff|desktop\u00bb theme_builder_area=\u00bbpost_content\u00bb sticky_enabled=\u00bb0&#8243;]<\/p>\n<p>Te ayudamos a elegir y ajustar los lentes ideales seg\u00fan tu estilo de vida, necesidades visuales y comodidad.<\/p>\n<p>[\/et_pb_accordion_item][et_pb_accordion_item title=\u00bbAdaptaci\u00f3n de lentes de contacto\u00bb open=\u00bbon\u00bb icon_color=\u00bb#5D78B9&#8243; toggle_icon=\u00bb&#x4c;||divi||400&#8243; _builder_version=\u00bb4.27.6&#8243; _module_preset=\u00bbdefault\u00bb body_font=\u00bbPoppins||||||||\u00bb body_text_align=\u00bbleft\u00bb body_font_size=\u00bb16px\u00bb background_color=\u00bbRGBA(255,255,255,0)\u00bb background_enable_color=\u00bbon\u00bb custom_padding=\u00bb|||0px|false|false\u00bb hover_enabled=\u00bb0&#8243; border_width_all=\u00bb0px\u00bb border_color_all=\u00bbRGBA(255,255,255,0)\u00bb global_colors_info=\u00bb{}\u00bb toggle_font=\u00bbPoppins|700|||||||\u00bb toggle_text_align=\u00bbleft\u00bb toggle_font_size=\u00bb22px\u00bb custom_padding__hover_enabled=\u00bboff|desktop\u00bb theme_builder_area=\u00bbpost_content\u00bb sticky_enabled=\u00bb0&#8243;]<\/p>\n<p>Valoraci\u00f3n y selecci\u00f3n de lentes de contacto adecuados para ti, priorizando salud ocular, ajuste correcto y facilidad de uso.<\/p>\n<p>[\/et_pb_accordion_item][et_pb_accordion_item title=\u00bbLectura de graduaci\u00f3n en gafas\u00bb open=\u00bbon\u00bb icon_color=\u00bb#5D78B9&#8243; toggle_icon=\u00bb&#x4c;||divi||400&#8243; _builder_version=\u00bb4.27.6&#8243; _module_preset=\u00bbdefault\u00bb body_font=\u00bbPoppins||||||||\u00bb body_text_align=\u00bbleft\u00bb body_font_size=\u00bb16px\u00bb background_color=\u00bbRGBA(255,255,255,0)\u00bb background_enable_color=\u00bbon\u00bb custom_padding=\u00bb|||0px|false|false\u00bb hover_enabled=\u00bb0&#8243; border_width_all=\u00bb0px\u00bb border_color_all=\u00bbRGBA(255,255,255,0)\u00bb global_colors_info=\u00bb{}\u00bb toggle_font=\u00bbPoppins|700|||||||\u00bb toggle_text_align=\u00bbleft\u00bb toggle_font_size=\u00bb22px\u00bb custom_padding__hover_enabled=\u00bboff|desktop\u00bb theme_builder_area=\u00bbpost_content\u00bb sticky_enabled=\u00bb0&#8243;]<\/p>\n<p>Si ya cuentas con lentes, podemos analizar tu graduaci\u00f3n actual para entender tu punto de partida y detectar posibles ajustes.<\/p>\n<p>[\/et_pb_accordion_item][\/et_pb_accordion][\/et_pb_column][et_pb_column type=\u00bb1_2&#8243; _builder_version=\u00bb4.16&#8243; custom_padding=\u00bb|||\u00bb global_colors_info=\u00bb{}\u00bb custom_padding__hover=\u00bb|||\u00bb][et_pb_image src=\u00bbhttps:\/\/lensica.mx\/wp-content\/uploads\/2026\/03\/optometria_.png\u00bb title_text=\u00bboptometr\u00eda_\u00bb _builder_version=\u00bb4.27.6&#8243; _module_preset=\u00bbdefault\u00bb hover_enabled=\u00bb0&#8243; global_colors_info=\u00bb{}\u00bb custom_margin=\u00bb7px|||||\u00bb align_last_edited=\u00bbon|phone\u00bb align_phone=\u00bbcenter\u00bb sticky_enabled=\u00bb0&#8243;][\/et_pb_image][\/et_pb_column][\/et_pb_row][et_pb_row _builder_version=\u00bb4.27.4&#8243; _module_preset=\u00bbdefault\u00bb custom_padding=\u00bb11px|||||\u00bb global_colors_info=\u00bb{}\u00bb][et_pb_column type=\u00bb4_4&#8243; _builder_version=\u00bb4.27.4&#8243; _module_preset=\u00bbdefault\u00bb global_colors_info=\u00bb{}\u00bb][et_pb_text _builder_version=\u00bb4.27.6&#8243; header_font=\u00bbPoppins|600|||||||\u00bb header_text_align=\u00bbcenter\u00bb header_text_color=\u00bb#5D78B9&#8243; header_font_size=\u00bb40px\u00bb header_line_height=\u00bb1.1em\u00bb custom_margin=\u00bb0px||0px||false|false\u00bb hover_enabled=\u00bb0&#8243; global_colors_info=\u00bb{}\u00bb header_font_size_last_edited=\u00bbon|phone\u00bb header_text_align_last_edited=\u00bbon|phone\u00bb header_text_align_phone=\u00bbcenter\u00bb header_font_size_phone=\u00bb22px\u00bb sticky_enabled=\u00bb0&#8243; header_font_size_tablet=\u00bb40px\u00bb header_text_align_tablet=\u00bbcenter\u00bb]<\/p>\n<h1>No se trata solo de ver mejor, sino de sentirte c\u00f3modo con tu visi\u00f3n todos los d\u00edas. Cada recomendaci\u00f3n est\u00e1 pensada para adaptarse a ti, no al rev\u00e9s.<\/h1>\n<p>[\/et_pb_text][\/et_pb_column][\/et_pb_row][et_pb_row _builder_version=\u00bb4.27.6&#8243; _module_preset=\u00bbdefault\u00bb global_colors_info=\u00bb{}\u00bb][et_pb_column type=\u00bb4_4&#8243; _builder_version=\u00bb4.27.6&#8243; _module_preset=\u00bbdefault\u00bb global_colors_info=\u00bb{}\u00bb][et_pb_text _builder_version=\u00bb4.27.6&#8243; header_font=\u00bbPoppins|600|||||||\u00bb header_text_align=\u00bbcenter\u00bb header_text_color=\u00bb#FAAD65&#8243; header_font_size=\u00bb40px\u00bb header_line_height=\u00bb1.1em\u00bb custom_margin=\u00bb0px||0px||false|false\u00bb global_colors_info=\u00bb{}\u00bb]<\/p>\n<h1>\u00bfYa viste nuestro Cat\u00e1logo de Amazones?<\/h1>\n<p>[\/et_pb_text][et_pb_button button_url=\u00bb@ET-DC@eyJkeW5hbWljIjp0cnVlLCJjb250ZW50IjoicG9zdF9saW5rX3VybF9wYWdlIiwic2V0dGluZ3MiOnsicG9zdF9pZCI6IjM0NCJ9fQ==@\u00bb button_text=\u00bbCONOCE M\u00c1S\u00bb button_alignment=\u00bbcenter\u00bb _builder_version=\u00bb4.27.6&#8243; _dynamic_attributes=\u00bbbutton_url\u00bb _module_preset=\u00bbdefault\u00bb custom_button=\u00bbon\u00bb button_text_size=\u00bb18px\u00bb button_text_color=\u00bb#FFFFFF\u00bb button_bg_color=\u00bb#FAAD65&#8243; button_border_width=\u00bb4px\u00bb button_border_color=\u00bb#FAAD65&#8243; button_border_radius=\u00bb25px\u00bb button_letter_spacing=\u00bb3px\u00bb button_font=\u00bbPoppins||||||||\u00bb button_icon=\u00bb&#x35;||divi||400&#8243; button_icon_color=\u00bb#FFFFFF\u00bb background_layout=\u00bbdark\u00bb custom_margin=\u00bb7px|||||\u00bb box_shadow_style=\u00bbpreset3&#8243; global_colors_info=\u00bb{}\u00bb][\/et_pb_button][\/et_pb_column][\/et_pb_row][\/et_pb_section][et_pb_section fb_built=\u00bb1&#8243; admin_label=\u00bbimagen\u00bb _builder_version=\u00bb4.27.6&#8243; _module_preset=\u00bbdefault\u00bb background_image=\u00bbhttps:\/\/lensica.mx\/wp-content\/uploads\/2026\/03\/front-view-eye-specialist-holding-pair-glasses-case-scaled.jpg\u00bb background_position=\u00bbbottom_left\u00bb width=\u00bb100%\u00bb max_width=\u00bb100%\u00bb custom_padding=\u00bb262px||150px|||\u00bb bottom_divider_flip=\u00bbvertical\u00bb hover_enabled=\u00bb0&#8243; global_colors_info=\u00bb{}\u00bb background_last_edited=\u00bbon|phone\u00bb background_size_phone=\u00bbcover\u00bb background_horizontal_offset_phone=\u00bb47%\u00bb background_vertical_offset_phone=\u00bb6%\u00bb sticky_enabled=\u00bb0&#8243;][\/et_pb_section][et_pb_section fb_built=\u00bb1&#8243; admin_label=\u00bbContacto\u00bb module_id=\u00bbcontacto\u00bb module_class=\u00bbcontacto\u00bb _builder_version=\u00bb4.27.4&#8243; _module_preset=\u00bbdefault\u00bb background_color=\u00bb#5D78B9&#8243; custom_margin=\u00bb0px||0px||false|false\u00bb custom_padding=\u00bb4px||75px|||\u00bb top_divider_color=\u00bb#FAAD65&#8243; top_divider_height=\u00bb142px\u00bb top_divider_flip=\u00bbvertical\u00bb global_colors_info=\u00bb{}\u00bb][et_pb_row column_structure=\u00bb1_2,1_2&#8243; _builder_version=\u00bb4.27.4&#8243; _module_preset=\u00bbdefault\u00bb custom_padding=\u00bb27px|||||\u00bb global_colors_info=\u00bb{}\u00bb][et_pb_column type=\u00bb1_2&#8243; _builder_version=\u00bb4.27.4&#8243; _module_preset=\u00bbdefault\u00bb global_colors_info=\u00bb{}\u00bb][et_pb_text _builder_version=\u00bb4.27.6&#8243; header_font=\u00bbPoppins|600|||||||\u00bb header_text_align=\u00bbleft\u00bb header_text_color=\u00bb#D3DEE9&#8243; header_font_size=\u00bb40px\u00bb header_letter_spacing=\u00bb-1px\u00bb header_line_height=\u00bb1.1em\u00bb custom_margin=\u00bb55px||21px||false|false\u00bb custom_padding=\u00bb0px||||false|false\u00bb hover_enabled=\u00bb0&#8243; global_colors_info=\u00bb{}\u00bb header_font_size_last_edited=\u00bbon|phone\u00bb header_font_size_phone=\u00bb36px\u00bb sticky_enabled=\u00bb0&#8243; header_font_size_tablet=\u00bb40px\u00bb]<\/p>\n<h1>Accede a una atenci\u00f3n visual personalizada.<\/h1>\n<p>[\/et_pb_text][et_pb_text _builder_version=\u00bb4.27.4&#8243; header_font=\u00bbPoppins|600|||||||\u00bb header_text_align=\u00bbleft\u00bb header_text_color=\u00bb#5D78B9&#8243; header_font_size=\u00bb55px\u00bb header_letter_spacing=\u00bb-1px\u00bb header_line_height=\u00bb1.1em\u00bb header_2_font=\u00bbPoppins|300|||||||\u00bb header_2_text_align=\u00bbleft\u00bb header_2_text_color=\u00bb#FFFFFF\u00bb header_2_font_size=\u00bb20px\u00bb header_2_line_height=\u00bb1.2em\u00bb text_orientation=\u00bbcenter\u00bb custom_margin=\u00bb-5px||-4px||false|false\u00bb global_colors_info=\u00bb{}\u00bb]<\/p>\n<h2><img loading=\"lazy\" decoding=\"async\" src=\"https:\/\/lensica.mx\/wp-content\/uploads\/2025\/11\/ICONO-TEL_2.png\" width=\"30\" height=\"30\" alt=\"\" class=\"wp-image-154 alignnone size-full\" \/>\u00a0 Tel. 4<a data-dtype=\"d3ph\" data-local-attribute=\"d3ph\" jscontroller=\"LWZElb\" href=\"https:\/\/www.google.com\/search?gs_ssp=eJzj4tVP1zc0rDQuLijOM80zYLRSNaiwME0xNjFNNjU3MDQwTko0tzKoSEm0MDBINTJKMk1KNkhLsfQSTylKVEhLTMrMz0lUKEg9vDFRIb00MS8TAIyhGJ8&amp;q=dra+fabiola+pe%C3%B1a+guani&amp;oq=dr&amp;gs_lcrp=EgZjaHJvbWUqFQgBEC4YJxivARjHARiABBiKBRiOBTIGCAAQRRg8MhUIARAuGCcYrwEYxwEYgAQYigUYjgUyBggCEEUYOzIGCAMQRRg5MgYIBBBFGDsyBggFEEUYPDIGCAYQRRg8MgYIBxBFGDzSAQgyMDI4ajBqN6gCALACAA&amp;sourceid=chrome&amp;ie=UTF-8#\" jsdata=\"QKGTRc;_;BoAmaaGoF6uqqtsPnNDZ0AQ46\" jsaction=\"rcuQ6b:npT2md;F75qrd\" data-ved=\"2ahUKEwihw4W4-46RAxUrlWoFHRxoFkoQkAgoAHoECDEQAg\"><span aria-label=\"Llamar al n\u00famero de tel\u00e9fono 442 112 7171\">42 112 7171\u00a0<\/span><\/a><\/h2>\n<h2><span><img loading=\"lazy\" decoding=\"async\" src=\"https:\/\/lensica.mx\/wp-content\/uploads\/2025\/11\/ICONO-UBICACION_2.png\" width=\"31\" height=\"31\" alt=\"\" class=\"wp-image-155 alignnone size-full\" \/>\u00a0 Hospital \u00c1ngeles de Quer\u00e9taro. C. Bernardino del Razo 21-Consultorio 10B, Ensue\u00f1o, 76178 Santiago de Quer\u00e9taro, Qro.<\/span><\/h2>\n<p>[\/et_pb_text][\/et_pb_column][et_pb_column type=\u00bb1_2&#8243; _builder_version=\u00bb4.27.4&#8243; _module_preset=\u00bbdefault\u00bb global_colors_info=\u00bb{}\u00bb][et_pb_image src=\u00bbhttps:\/\/lensica.mx\/wp-content\/uploads\/2025\/11\/ISOTIPO_2.png\u00bb title_text=\u00bbISOTIPO_2&#8243; align=\u00bbcenter\u00bb _builder_version=\u00bb4.27.6&#8243; _module_preset=\u00bbdefault\u00bb width=\u00bb30%\u00bb custom_margin=\u00bb50px|||||\u00bb hover_enabled=\u00bb0&#8243; global_colors_info=\u00bb{}\u00bb max_width_last_edited=\u00bbon|phone\u00bb width_last_edited=\u00bbon|phone\u00bb width_phone=\u00bb60%\u00bb sticky_enabled=\u00bb0&#8243; width_tablet=\u00bb30%\u00bb][\/et_pb_image][et_pb_text _builder_version=\u00bb4.27.4&#8243; header_font=\u00bbPoppins|600|||||||\u00bb header_text_align=\u00bbcenter\u00bb header_text_color=\u00bb#FFFFFF\u00bb header_font_size=\u00bb40px\u00bb header_line_height=\u00bb1.1em\u00bb custom_margin=\u00bb3px||15px|||\u00bb custom_padding=\u00bb||0px|||\u00bb global_colors_info=\u00bb{}\u00bb]<\/p>\n<h1>S\u00edguenos:<\/h1>\n<p>[\/et_pb_text][et_pb_text _builder_version=\u00bb4.27.4&#8243; header_font=\u00bbPoppins|600|||||||\u00bb header_text_align=\u00bbcenter\u00bb header_text_color=\u00bb#D3DEE9&#8243; header_font_size=\u00bb40px\u00bb header_line_height=\u00bb1.1em\u00bb text_orientation=\u00bbcenter\u00bb global_colors_info=\u00bb{}\u00bb content__hover_enabled=\u00bbon|hover\u00bb content__hover=\u00bb<\/p>\n<p><a href=%22https:\/\/www.instagram.com\/lensica.mx\/%22><img src=%22https:\/\/lensica.mx\/wp-content\/uploads\/2025\/11\/ICONO-IG_2.png%22 width=%2272%22 height=%2271%22 alt=%22%22 class=%22wp-image-153 alignnone size-full%22 \/><\/a>   <img src=%22https:\/\/lensica.mx\/wp-content\/uploads\/2025\/11\/ICONO-FB_2.png%22 width=%2272%22 height=%2271%22 alt=%22%22 class=%22wp-image-152 alignnone size-full%22 \/><\/p>\n<p>\u00ab]<\/p>\n<p><a href=\"https:\/\/www.instagram.com\/lensica.mx\/\"><img loading=\"lazy\" decoding=\"async\" src=\"https:\/\/lensica.mx\/wp-content\/uploads\/2025\/11\/ICONO-IG_2.png\" width=\"72\" height=\"71\" alt=\"\" class=\"wp-image-153 alignnone size-full\" \/><\/a>\u00a0 \u00a0<a href=\"https:\/\/www.facebook.com\/lensica.mx\"><img loading=\"lazy\" decoding=\"async\" src=\"https:\/\/lensica.mx\/wp-content\/uploads\/2025\/11\/ICONO-FB_2.png\" width=\"72\" height=\"71\" alt=\"\" class=\"wp-image-152 alignnone size-full\" \/><\/a><\/p>\n<p>[\/et_pb_text][\/et_pb_column][\/et_pb_row][\/et_pb_section][et_pb_section fb_built=\u00bb1&#8243; admin_label=\u00bbMENU FLOTANTE LATERAL\u00bb module_class=\u00bblen-iconos-flotantes\u00bb _builder_version=\u00bb4.27.4&#8243; _module_preset=\u00bbdefault\u00bb background_color=\u00bbRGBA(255,255,255,0)\u00bb positioning=\u00bbfixed\u00bb position_origin_f=\u00bbcenter_right\u00bb z_index=\u00bb999999&#8243; max_width=\u00bb60px\u00bb custom_padding=\u00bb0px||0px||true|false\u00bb global_colors_info=\u00bb{}\u00bb][et_pb_row _builder_version=\u00bb4.27.4&#8243; _module_preset=\u00bbdefault\u00bb width=\u00bb100%\u00bb max_width=\u00bb100%\u00bb custom_padding=\u00bb0px||0px||true|false\u00bb global_colors_info=\u00bb{}\u00bb][et_pb_column type=\u00bb4_4&#8243; admin_label=\u00bbColumna\u00bb _builder_version=\u00bb4.27.4&#8243; _module_preset=\u00bbdefault\u00bb global_colors_info=\u00bb{}\u00bb][et_pb_button button_url=\u00bbhttps:\/\/share.google\/EMIoH331nVkOlg1g5&#8243; button_text=\u00bbEspecialista\u00bb admin_label=\u00bbDra. Fabiola\u00bb _builder_version=\u00bb4.27.4&#8243; _module_preset=\u00bbdefault\u00bb custom_button=\u00bbon\u00bb button_text_size=\u00bb16px\u00bb button_text_color=\u00bb#FFFFFF\u00bb button_bg_color=\u00bb#60C6C3&#8243; button_border_width=\u00bb0px\u00bb button_border_radius=\u00bb25px\u00bb button_letter_spacing=\u00bb0px\u00bb button_font=\u00bbPoppins||||||||\u00bb button_icon=\u00bb&#xf0f0;||fa||900&#8243; button_icon_color=\u00bb#FFFFFF\u00bb button_icon_placement=\u00bbleft\u00bb button_on_hover=\u00bboff\u00bb transform_translate_linked__hover=\u00bboff\u00bb custom_margin=\u00bb||0px||false|false\u00bb custom_padding=\u00bb14px|60px|14px|60px|true|true\u00bb custom_css_free_form=\u00bb\/* Ajustar icono bot\u00f3n flotante *\/||body #page-container .len-iconos-flotantes .et_pb_button_module_wrapper .et_pb_button:before {||  margin-left: -40px !important;||  font-size: 16px !important;||}\u00bb global_colors_info=\u00bb{}\u00bb transform_styles__hover_enabled=\u00bbon|hover\u00bb transform_scale__hover_enabled=\u00bbon|hover\u00bb transform_translate__hover_enabled=\u00bbon|hover\u00bb transform_rotate__hover_enabled=\u00bbon|desktop\u00bb transform_skew__hover_enabled=\u00bbon|desktop\u00bb transform_origin__hover_enabled=\u00bbon|desktop\u00bb transform_translate__hover=\u00bb-110px|0px\u00bb][\/et_pb_button][et_pb_button button_url=\u00bbhttps:\/\/www.instagram.com\/lensica.mx\u00bb button_text=\u00bbInstagram\u00bb admin_label=\u00bbInstagram\u00bb _builder_version=\u00bb4.27.4&#8243; _module_preset=\u00bbdefault\u00bb custom_button=\u00bbon\u00bb button_text_size=\u00bb16px\u00bb button_text_color=\u00bb#FFFFFF\u00bb button_bg_color=\u00bb#FAAD65&#8243; button_border_width=\u00bb0px\u00bb button_border_radius=\u00bb25px\u00bb button_letter_spacing=\u00bb0px\u00bb button_font=\u00bbPoppins||||||||\u00bb button_icon=\u00bb&#xe09a;||divi||400&#8243; button_icon_color=\u00bb#FFFFFF\u00bb button_icon_placement=\u00bbleft\u00bb button_on_hover=\u00bboff\u00bb transform_translate_linked__hover=\u00bboff\u00bb custom_margin=\u00bb||0px||false|false\u00bb custom_padding=\u00bb14px|90px|14px|60px|true|false\u00bb custom_css_free_form=\u00bb\/* Ajustar icono bot\u00f3n flotante *\/||body #page-container .len-iconos-flotantes .et_pb_button_module_wrapper .et_pb_button:before {||  margin-left: -40px !important;||  font-size: 16px !important;||}\u00bb global_colors_info=\u00bb{}\u00bb transform_styles__hover_enabled=\u00bbon|hover\u00bb transform_scale__hover_enabled=\u00bbon|hover\u00bb transform_translate__hover_enabled=\u00bbon|hover\u00bb transform_rotate__hover_enabled=\u00bbon|desktop\u00bb transform_skew__hover_enabled=\u00bbon|desktop\u00bb transform_origin__hover_enabled=\u00bbon|desktop\u00bb transform_translate__hover=\u00bb-110px|0px\u00bb][\/et_pb_button][et_pb_button button_url=\u00bbhttps:\/\/share.google\/EMIoH331nVkOlg1g5&#8243; button_text=\u00bbUbicaci\u00f3n\u00bb admin_label=\u00bbUbicaci\u00f3n\u00bb _builder_version=\u00bb4.27.4&#8243; _module_preset=\u00bbdefault\u00bb custom_button=\u00bbon\u00bb button_text_size=\u00bb16px\u00bb button_text_color=\u00bb#FFFFFF\u00bb button_bg_color=\u00bb#60C6C3&#8243; button_border_width=\u00bb0px\u00bb button_border_radius=\u00bb25px\u00bb button_letter_spacing=\u00bb0px\u00bb button_font=\u00bbPoppins||||||||\u00bb button_icon=\u00bb&#xf3c5;||fa||900&#8243; button_icon_color=\u00bb#FFFFFF\u00bb button_icon_placement=\u00bbleft\u00bb button_on_hover=\u00bboff\u00bb transform_translate_linked__hover=\u00bboff\u00bb custom_margin=\u00bb||0px||false|false\u00bb custom_padding=\u00bb14px|60px|14px|60px|true|true\u00bb custom_css_free_form=\u00bb\/* Ajustar icono bot\u00f3n flotante *\/||body #page-container .len-iconos-flotantes .et_pb_button_module_wrapper .et_pb_button:before {||  margin-left: -40px !important;||  font-size: 16px !important;||}\u00bb global_colors_info=\u00bb{}\u00bb transform_styles__hover_enabled=\u00bbon|desktop\u00bb transform_scale__hover_enabled=\u00bbon|desktop\u00bb transform_translate__hover_enabled=\u00bbon|hover\u00bb transform_rotate__hover_enabled=\u00bbon|desktop\u00bb transform_skew__hover_enabled=\u00bbon|desktop\u00bb transform_origin__hover_enabled=\u00bbon|desktop\u00bb transform_translate__hover=\u00bb-110px|0px\u00bb][\/et_pb_button][\/et_pb_column][\/et_pb_row][\/et_pb_section]<\/p>\n","protected":false},"excerpt":{"rendered":"<p>Cuidamos tu visi\u00f3n en cada etapa de tu vida.Precisi\u00f3n y comodidad para ver mejor todos los d\u00edasEn Lensica, los servicios de optometr\u00eda est\u00e1n dise\u00f1ados para entender tu visi\u00f3n a detalle y ayudarte a encontrar la mejor soluci\u00f3n para tu d\u00eda a d\u00eda. Cada evaluaci\u00f3n se realiza con precisi\u00f3n y enfoque personalizado, para que veas con [&hellip;]<\/p>\n","protected":false},"author":1,"featured_media":0,"parent":0,"menu_order":0,"comment_status":"closed","ping_status":"closed","template":"","meta":{"_et_pb_use_builder":"on","_et_pb_old_content":"","_et_gb_content_width":"","footnotes":""},"class_list":["post-290","page","type-page","status-publish","hentry"],"_links":{"self":[{"href":"https:\/\/lensica.mx\/index.php\/wp-json\/wp\/v2\/pages\/290","targetHints":{"allow":["GET"]}}],"collection":[{"href":"https:\/\/lensica.mx\/index.php\/wp-json\/wp\/v2\/pages"}],"about":[{"href":"https:\/\/lensica.mx\/index.php\/wp-json\/wp\/v2\/types\/page"}],"author":[{"embeddable":true,"href":"https:\/\/lensica.mx\/index.php\/wp-json\/wp\/v2\/users\/1"}],"replies":[{"embeddable":true,"href":"https:\/\/lensica.mx\/index.php\/wp-json\/wp\/v2\/comments?post=290"}],"version-history":[{"count":10,"href":"https:\/\/lensica.mx\/index.php\/wp-json\/wp\/v2\/pages\/290\/revisions"}],"predecessor-version":[{"id":507,"href":"https:\/\/lensica.mx\/index.php\/wp-json\/wp\/v2\/pages\/290\/revisions\/507"}],"wp:attachment":[{"href":"https:\/\/lensica.mx\/index.php\/wp-json\/wp\/v2\/media?parent=290"}],"curies":[{"name":"wp","href":"https:\/\/api.w.org\/{rel}","templated":true}]}}